{"id":1291,"date":"2021-03-20T15:28:18","date_gmt":"2021-03-20T14:28:18","guid":{"rendered":"http:\/\/www.sankanje.com\/?page_id=1291"},"modified":"2021-03-20T15:28:18","modified_gmt":"2021-03-20T14:28:18","slug":"dp-2021","status":"publish","type":"page","link":"http:\/\/www.sankanje.com\/?page_id=1291","title":{"rendered":"DP 2021"},"content":{"rendered":"\n<p>V leto\u0161nji zimi s \u0161portnimi samo Dr\u017eavno prvenstvo in kot tekma v tekmi tudi Pokal mesta Jesenice. 18. udele\u017eencev.<\/p>\n\n\n\n<div class=\"wp-block-file\"><a href=\"http:\/\/www.sankanje.com\/wp-content\/uploads\/2021\/03\/DP-2021-URADNI-REZULTATI.pdf\">DP 2021- URADNI REZULTATI<\/a><\/div>\n\n\n\n<div class=\"wp-block-file\"><a href=\"http:\/\/www.sankanje.com\/wp-content\/uploads\/2021\/03\/60.-pokal-mesta-JESENIC.pdf\">REZULTATI Pokal mesta Jesenice<\/a><\/div>\n","protected":false},"excerpt":{"rendered":"<p>V leto\u0161nji zimi s \u0161portnimi samo Dr\u017eavno prvenstvo in kot tekma v tekmi tudi Pokal mesta Jesenice. 18. udele\u017eencev.<\/p>\n","protected":false},"author":2,"featured_media":0,"parent":327,"menu_order":0,"comment_status":"closed","ping_status":"closed","template":"","meta":{"footnotes":""},"class_list":["post-1291","page","type-page","status-publish","hentry"],"_links":{"self":[{"href":"http:\/\/www.sankanje.com\/index.php?rest_route=\/wp\/v2\/pages\/1291","targetHints":{"allow":["GET"]}}],"collection":[{"href":"http:\/\/www.sankanje.com\/index.php?rest_route=\/wp\/v2\/pages"}],"about":[{"href":"http:\/\/www.sankanje.com\/index.php?rest_route=\/wp\/v2\/types\/page"}],"author":[{"embeddable":true,"href":"http:\/\/www.sankanje.com\/index.php?rest_route=\/wp\/v2\/users\/2"}],"replies":[{"embeddable":true,"href":"http:\/\/www.sankanje.com\/index.php?rest_route=%2Fwp%2Fv2%2Fcomments&post=1291"}],"version-history":[{"count":1,"href":"http:\/\/www.sankanje.com\/index.php?rest_route=\/wp\/v2\/pages\/1291\/revisions"}],"predecessor-version":[{"id":1294,"href":"http:\/\/www.sankanje.com\/index.php?rest_route=\/wp\/v2\/pages\/1291\/revisions\/1294"}],"up":[{"embeddable":true,"href":"http:\/\/www.sankanje.com\/index.php?rest_route=\/wp\/v2\/pages\/327"}],"wp:attachment":[{"href":"http:\/\/www.sankanje.com\/index.php?rest_route=%2Fwp%2Fv2%2Fmedia&parent=1291"}],"curies":[{"name":"wp","href":"https:\/\/api.w.org\/{rel}","templated":true}]}}