{"id":254,"date":"2018-03-11T12:59:05","date_gmt":"2018-03-11T11:59:05","guid":{"rendered":"http:\/\/www.sankanje.com\/?page_id=254"},"modified":"2019-03-29T11:36:19","modified_gmt":"2019-03-29T10:36:19","slug":"galerija","status":"publish","type":"page","link":"http:\/\/www.sankanje.com\/?page_id=254","title":{"rendered":"Galerija"},"content":{"rendered":"<h2>2019<\/h2>\n<p><a href=\"https:\/\/mojalbum.com\/didl\/sankanje-pokal-domela-2019\" target=\"_blank\" rel=\"noopener noreferrer\">Prva tekma Pokala Slovenije<\/a><\/p>\n<p><a href=\"https:\/\/mojalbum.com\/didl\/sankanje-pokal-mesta-jesenice-2019\" target=\"_blank\" rel=\"noopener noreferrer\">Tretja tekma Pokala Slovenije<\/a><\/p>\n<p><a href=\"https:\/\/mojalbum.com\/didl\/sankanje-drzavno-prvenstvo-slovenije-2019\" target=\"_blank\" rel=\"noopener noreferrer\">Dr\u017eavno prvenstvo in 3. tekma PS<\/a><\/p>\n<p><a href=\"https:\/\/mojalbum.com\/didl\/sankanje-memorial-jesenice-2019\" target=\"_blank\" rel=\"noopener noreferrer\">Finale Pokala Slovenije<\/a><\/p>\n<h2>2018<\/h2>\n<p><strong>Velika nagrada Evrope in Evropsko prvenstvo v sankanju<\/strong><\/p>\n<p><a href=\"https:\/\/mojalbum.com\/didl\/sankanje-evropsko-roro-prvenstvo-2018\" target=\"_blank\" rel=\"noopener noreferrer\">25., 26.8.- B\u00fchl-Neusatz (DE)<\/a>&nbsp;&nbsp; <a href=\"https:\/\/www.youtube.com\/watch?v=w_xWEUUFWRk\" target=\"_blank\" rel=\"noopener noreferrer\">OnBoard posnetek<\/a><\/p>\n<p><strong>Pokal Slovenije<\/strong><\/p>\n<p style=\"padding-left: 30px;\"><a href=\"https:\/\/photos.app.goo.gl\/rPCxmU6TLPKAuxSH2\" target=\"_blank\" rel=\"noopener noreferrer\">17.2.- Grahov\u0161e, Lom pod Stor\u017ei\u010dem<\/a><\/p>\n<h2>2017<\/h2>\n<p><a href=\"http:\/\/www.sankanje.com\/?p=1\" target=\"_blank\" rel=\"noopener noreferrer\">Galerija <\/a>slovenskih tekem Murauer Bier pokala<br \/>\n<a href=\"http:\/\/www.sankanje.com\/?p=68\" target=\"_blank\" rel=\"noopener noreferrer\">Galerija <\/a>treningov na kole\u0161\u010dkih<\/p>\n","protected":false},"excerpt":{"rendered":"<p>2019 Prva tekma Pokala Slovenije Tretja tekma Pokala Slovenije Dr\u017eavno prvenstvo in 3. tekma PS Finale Pokala Slovenije 2018 Velika nagrada Evrope in Evropsko prvenstvo v sankanju 25., 26.8.- B\u00fchl-Neusatz (DE)&nbsp;&nbsp; OnBoard posnetek Pokal Slovenije 17.2.- Grahov\u0161e, Lom pod Stor\u017ei\u010dem 2017 Galerija slovenskih tekem Murauer Bier pokala Galerija treningov na kole\u0161\u010dkih<\/p>\n","protected":false},"author":2,"featured_media":272,"parent":2,"menu_order":2,"comment_status":"closed","ping_status":"closed","template":"","meta":{"footnotes":""},"class_list":["post-254","page","type-page","status-publish","has-post-thumbnail","hentry"],"_links":{"self":[{"href":"http:\/\/www.sankanje.com\/index.php?rest_route=\/wp\/v2\/pages\/254","targetHints":{"allow":["GET"]}}],"collection":[{"href":"http:\/\/www.sankanje.com\/index.php?rest_route=\/wp\/v2\/pages"}],"about":[{"href":"http:\/\/www.sankanje.com\/index.php?rest_route=\/wp\/v2\/types\/page"}],"author":[{"embeddable":true,"href":"http:\/\/www.sankanje.com\/index.php?rest_route=\/wp\/v2\/users\/2"}],"replies":[{"embeddable":true,"href":"http:\/\/www.sankanje.com\/index.php?rest_route=%2Fwp%2Fv2%2Fcomments&post=254"}],"version-history":[{"count":9,"href":"http:\/\/www.sankanje.com\/index.php?rest_route=\/wp\/v2\/pages\/254\/revisions"}],"predecessor-version":[{"id":826,"href":"http:\/\/www.sankanje.com\/index.php?rest_route=\/wp\/v2\/pages\/254\/revisions\/826"}],"up":[{"embeddable":true,"href":"http:\/\/www.sankanje.com\/index.php?rest_route=\/wp\/v2\/pages\/2"}],"wp:featuredmedia":[{"embeddable":true,"href":"http:\/\/www.sankanje.com\/index.php?rest_route=\/wp\/v2\/media\/272"}],"wp:attachment":[{"href":"http:\/\/www.sankanje.com\/index.php?rest_route=%2Fwp%2Fv2%2Fmedia&parent=254"}],"curies":[{"name":"wp","href":"https:\/\/api.w.org\/{rel}","templated":true}]}}