{"id":274,"date":"2018-03-11T14:32:18","date_gmt":"2018-03-11T13:32:18","guid":{"rendered":"http:\/\/www.sankanje.com\/?page_id=274"},"modified":"2020-12-17T07:41:25","modified_gmt":"2020-12-17T06:41:25","slug":"sankaske-proge-v-sloveniji","status":"publish","type":"page","link":"http:\/\/www.sankanje.com\/?page_id=274","title":{"rendered":"Sanka\u0161ke proge v Sloveniji"},"content":{"rendered":"<p>Sanka\u0161ke proge, ki se urejajo za mednarodna tekmovanja na naravnih progah ali tekme Pokala Slovenije v sankanju s \u0161portnimi in samote\u017enimi sanmi:<\/p>\n<p><a href=\"https:\/\/plus.google.com\/+JanezPikon\/posts\/KbvCRTEtndk\" target=\"_blank\" rel=\"noopener noreferrer\"><strong>Drauh<\/strong><\/a>&#8211; Sori\u0161ka planina <a href=\"https:\/\/www.hribi.net\/spletna_kamera\/soriska_planina\/288\" target=\"_blank\" rel=\"noopener noreferrer\">Kamera \u0161t. 1<\/a><br \/>\n<strong>Zakraj<\/strong>&#8211; Dolenja vas<br \/>\n<a href=\"http:\/\/www.zsport-jesenice.si\/info.php?id=objekti&amp;x=5\" target=\"_blank\" rel=\"noopener noreferrer\"><strong>Savske jame<\/strong><\/a>&#8211; Planina pod Golico<br \/>\n<strong>Zelenica<\/strong>&#8211; Ljubelj <a href=\"https:\/\/www.hribi.net\/spletna_kamera\/ljubelj\/10\" target=\"_blank\" rel=\"noopener noreferrer\">Kamera \u0161t. 4<\/a><br \/>\n<strong>Medeni dol<\/strong>&#8211; Grahov\u0161e (Lom pod Stor\u017ei\u010dem)<br \/>\n<a href=\"http:\/\/www.saklub-idrija.si\/proga09.htm\" target=\"_blank\" rel=\"noopener noreferrer\"><strong>Taler<\/strong><\/a>&#8211; Idrija<\/p>\n<p>Sanka\u0161ke proge, sankali\u0161\u010da in komercialni ponudniki na raznih straneh in portalih:<\/p>\n<p><a href=\"https:\/\/siol.net\/sportal\/rekreacija\/sankalisca-152584\" target=\"_blank\" rel=\"noopener noreferrer\">Siol<\/a><br \/>\n<a href=\"https:\/\/www.lopolis.si\/?MeniZgorajID=5&amp;MeniID=98&amp;StranID=149\" target=\"_blank\" rel=\"noopener noreferrer\">Lo.Polis<\/a><br \/>\n<a href=\"https:\/\/www.aktivni.si\/dobro-pocutje\/potovanja\/kam-v-sloveniji-na-sankanje\/\" target=\"_blank\" rel=\"noopener noreferrer\">Aktivni.si<\/a><br \/>\n<a href=\"http:\/\/www.otroskiraj.si\/ponudba-kategorija\/wwwotroskirajsi-sankalisca-sankanje-poletno-sankanje-zimsko-sankanje.html\" target=\"_blank\" rel=\"noopener noreferrer\">Otro\u0161ki raj<\/a><br \/>\n<a href=\"https:\/\/www.cosmopolitan.si\/samo-zate\/kam-na-sankanje-s-prijatelji-top-lokacije-v-sloveniji\/\" target=\"_blank\" rel=\"noopener noreferrer\">Cosmopolitan<\/a><\/p>\n","protected":false},"excerpt":{"rendered":"<p>Sanka\u0161ke proge, ki se urejajo za mednarodna tekmovanja na naravnih progah ali tekme Pokala Slovenije v sankanju s \u0161portnimi in samote\u017enimi sanmi: Drauh&#8211; Sori\u0161ka planina Kamera \u0161t. 1 Zakraj&#8211; Dolenja vas Savske jame&#8211; Planina pod Golico Zelenica&#8211; Ljubelj Kamera \u0161t. 4 Medeni dol&#8211; Grahov\u0161e (Lom pod Stor\u017ei\u010dem) Taler&#8211; Idrija Sanka\u0161ke proge, sankali\u0161\u010da in komercialni ponudniki &hellip; <a href=\"http:\/\/www.sankanje.com\/?page_id=274\" class=\"more-link\">Preberi ve\u010d o <span class=\"screen-reader-text\">Sanka\u0161ke proge v Sloveniji<\/span><\/a><\/p>\n","protected":false},"author":2,"featured_media":295,"parent":2,"menu_order":4,"comment_status":"closed","ping_status":"closed","template":"","meta":{"footnotes":""},"class_list":["post-274","page","type-page","status-publish","has-post-thumbnail","hentry"],"_links":{"self":[{"href":"http:\/\/www.sankanje.com\/index.php?rest_route=\/wp\/v2\/pages\/274","targetHints":{"allow":["GET"]}}],"collection":[{"href":"http:\/\/www.sankanje.com\/index.php?rest_route=\/wp\/v2\/pages"}],"about":[{"href":"http:\/\/www.sankanje.com\/index.php?rest_route=\/wp\/v2\/types\/page"}],"author":[{"embeddable":true,"href":"http:\/\/www.sankanje.com\/index.php?rest_route=\/wp\/v2\/users\/2"}],"replies":[{"embeddable":true,"href":"http:\/\/www.sankanje.com\/index.php?rest_route=%2Fwp%2Fv2%2Fcomments&post=274"}],"version-history":[{"count":12,"href":"http:\/\/www.sankanje.com\/index.php?rest_route=\/wp\/v2\/pages\/274\/revisions"}],"predecessor-version":[{"id":1287,"href":"http:\/\/www.sankanje.com\/index.php?rest_route=\/wp\/v2\/pages\/274\/revisions\/1287"}],"up":[{"embeddable":true,"href":"http:\/\/www.sankanje.com\/index.php?rest_route=\/wp\/v2\/pages\/2"}],"wp:featuredmedia":[{"embeddable":true,"href":"http:\/\/www.sankanje.com\/index.php?rest_route=\/wp\/v2\/media\/295"}],"wp:attachment":[{"href":"http:\/\/www.sankanje.com\/index.php?rest_route=%2Fwp%2Fv2%2Fmedia&parent=274"}],"curies":[{"name":"wp","href":"https:\/\/api.w.org\/{rel}","templated":true}]}}