{"id":314,"date":"2018-03-18T21:27:01","date_gmt":"2018-03-18T20:27:01","guid":{"rendered":"http:\/\/www.sankanje.com\/?page_id=314"},"modified":"2020-09-03T10:38:23","modified_gmt":"2020-09-03T08:38:23","slug":"zveza-in-klubi","status":"publish","type":"page","link":"http:\/\/www.sankanje.com\/?page_id=314","title":{"rendered":"Zveza in klubi"},"content":{"rendered":"<blockquote>\n<h4><img loading=\"lazy\" decoding=\"async\" class=\"aligncenter size-large wp-image-317\" src=\"http:\/\/www.sankanje.com\/wp-content\/uploads\/2018\/03\/Logo_zveze-1024x539.jpg\" alt=\"\" width=\"660\" height=\"347\" srcset=\"http:\/\/www.sankanje.com\/wp-content\/uploads\/2018\/03\/Logo_zveze-1024x539.jpg 1024w, http:\/\/www.sankanje.com\/wp-content\/uploads\/2018\/03\/Logo_zveze-300x158.jpg 300w, http:\/\/www.sankanje.com\/wp-content\/uploads\/2018\/03\/Logo_zveze-768x404.jpg 768w, http:\/\/www.sankanje.com\/wp-content\/uploads\/2018\/03\/Logo_zveze.jpg 1192w\" sizes=\"auto, (max-width: 660px) 100vw, 660px\" \/><\/h4>\n<\/blockquote>\n<h4>Zveza:<\/h4>\n<p><a href=\"http:\/\/www.sazs.si\/\" target=\"_blank\" rel=\"noopener noreferrer\">Sanka\u0161ka zveza Slovenije<\/a><\/p>\n<h4>Klubi in \u0160portna dru\u0161tva, ki so v\u010dlanjena v zvezo in se ukvarjajo s sankanjem s \u0161portnimi, samote\u017enimi\u00a0ter sanmi na kole\u0161\u010dkih:<\/h4>\n<p>Sanka\u0161ko dru\u0161tvo Domel<br \/>\n<a href=\"http:\/\/www.facebook.com\/sak.jesenice\" target=\"_blank\" rel=\"noopener noreferrer\">Sanka\u0161ki klub Jesenice<\/a><br \/>\n<a href=\"http:\/\/www.lompodstorzicem.si\/drustva\/sportno-drustvo-lom\/\" target=\"_blank\" rel=\"noopener noreferrer\">\u0160portno dru\u0161tvo Lom pod Stor\u017ei\u010dem<\/a><br \/>\n<a href=\"http:\/\/www.saklub-idrija.si\/\" target=\"_blank\" rel=\"noopener noreferrer\">Sanka\u0161ki klub\u00a0Idrija<\/a><br \/>\n<a href=\"https:\/\/www.facebook.com\/sd.podljubelj\" target=\"_blank\" rel=\"noopener noreferrer\">\u0160portno dru\u0161tvo Podljubelj<\/a><br \/>\n\u0160portno dru\u0161tvo Dolenja vas<\/p>\n","protected":false},"excerpt":{"rendered":"<p>Zveza: Sanka\u0161ka zveza Slovenije Klubi in \u0160portna dru\u0161tva, ki so v\u010dlanjena v zvezo in se ukvarjajo s sankanjem s \u0161portnimi, samote\u017enimi\u00a0ter sanmi na kole\u0161\u010dkih: Sanka\u0161ko dru\u0161tvo Domel Sanka\u0161ki klub Jesenice \u0160portno dru\u0161tvo Lom pod Stor\u017ei\u010dem Sanka\u0161ki klub\u00a0Idrija \u0160portno dru\u0161tvo Podljubelj \u0160portno dru\u0161tvo Dolenja vas<\/p>\n","protected":false},"author":2,"featured_media":0,"parent":2,"menu_order":5,"comment_status":"closed","ping_status":"closed","template":"","meta":{"footnotes":""},"class_list":["post-314","page","type-page","status-publish","hentry"],"_links":{"self":[{"href":"http:\/\/www.sankanje.com\/index.php?rest_route=\/wp\/v2\/pages\/314","targetHints":{"allow":["GET"]}}],"collection":[{"href":"http:\/\/www.sankanje.com\/index.php?rest_route=\/wp\/v2\/pages"}],"about":[{"href":"http:\/\/www.sankanje.com\/index.php?rest_route=\/wp\/v2\/types\/page"}],"author":[{"embeddable":true,"href":"http:\/\/www.sankanje.com\/index.php?rest_route=\/wp\/v2\/users\/2"}],"replies":[{"embeddable":true,"href":"http:\/\/www.sankanje.com\/index.php?rest_route=%2Fwp%2Fv2%2Fcomments&post=314"}],"version-history":[{"count":12,"href":"http:\/\/www.sankanje.com\/index.php?rest_route=\/wp\/v2\/pages\/314\/revisions"}],"predecessor-version":[{"id":1274,"href":"http:\/\/www.sankanje.com\/index.php?rest_route=\/wp\/v2\/pages\/314\/revisions\/1274"}],"up":[{"embeddable":true,"href":"http:\/\/www.sankanje.com\/index.php?rest_route=\/wp\/v2\/pages\/2"}],"wp:attachment":[{"href":"http:\/\/www.sankanje.com\/index.php?rest_route=%2Fwp%2Fv2%2Fmedia&parent=314"}],"curies":[{"name":"wp","href":"https:\/\/api.w.org\/{rel}","templated":true}]}}