{"id":335,"date":"2018-04-12T19:19:54","date_gmt":"2018-04-12T17:19:54","guid":{"rendered":"http:\/\/www.sankanje.com\/?page_id=335"},"modified":"2020-03-03T08:29:28","modified_gmt":"2020-03-03T07:29:28","slug":"ps-201718","status":"publish","type":"page","link":"http:\/\/www.sankanje.com\/?page_id=335","title":{"rendered":"PS 2017\/18 in DP 2018"},"content":{"rendered":"<p>\u0160estih tekmovanj v tej sezoni se je skupaj udele\u017eilo 123 posameznikov in&nbsp;7 dvosedov. Dve tekmi sta potekali v Dolenji vasi (\u0160D Dolenja vas in SD Domel \u017delezniki), dve v Savskih jamah (SaK Jesenice), po eno pa v Lomu pod Stor\u017ei\u010dem (\u0160D Lom)&nbsp;in na Ljubelju (\u0160D Podljubelj).<\/p>\n<hr>\n<p><strong>Zmagovalci &nbsp;Pokala Slovenije<\/strong> po kategorijah:<\/p>\n<ul>\n<li>Cicibanke: Kavar Jerca, \u0160D Podljubelj<\/li>\n<li>Cicibani: Vizjak Jernej, \u0160D Podljubelj<\/li>\n<li>\u0160olarke: Fejfar Lara, SD Domel \u017delezniki<\/li>\n<li>\u0160olarji: Sko\u010dir Oskar, \u0160D Podljubelj<\/li>\n<li>Deklice: Mekina Meta, SaK Jesenice<\/li>\n<li>De\u010dki: Kralj Vid, \u0160D Podljubelj<\/li>\n<li>Mladinke: Velikanje Tina, SaK Idrija<\/li>\n<li>Mladinci: Drnov\u0161\u010dek Simon, SaK Idrija<\/li>\n<li>\u010clanice: Plaznik Nina, Rakovica<\/li>\n<li>\u010clani: Megli\u010d Klemen, \u0160D Podljubelj<\/li>\n<li>St. \u010dlanice: Perkman Alenka, \u0160D Podljubelj<\/li>\n<li>St. \u010dlani: Rakovec Vili, SD Domel \u017delezniki<\/li>\n<li>Veteranke: Peta\u010d Mojca, SaK Jesenice<\/li>\n<li>Veterani: Koler Stanko, SaK Idrija<\/li>\n<li>St. veteranke: Megli\u010d Jo\u017ei, \u0160D Podljubelj<\/li>\n<li>St. veterani: Fern Milan, RD Rokovnja\u010di<\/li>\n<li>Dvosedi: Rev Klemen \/ Klinar Simon, SaK Jesenice<\/li>\n<\/ul>\n<hr>\n<p><strong>Dr\u017eavni prvaki<\/strong> na 27. Dr\u017eavnem prvenstvu Slovenije, ki je v organizaciji SD Domel \u017delezniki 4. marca potekalo v Dolenji vasi:<\/p>\n<ul>\n<li>Cicibani: Egart Vid, \u0160D Dolenja vas<\/li>\n<li>\u0160olarke: Fejfar Lara, SD Domel \u017delezniki<\/li>\n<li>\u0160olarji: Sko\u010dir Oskar, \u0160D Podljubelj<\/li>\n<li>Deklice: \u0160ubic Nu\u0161a, SaK Idrija<\/li>\n<li>De\u010dki: Vertelj Matev\u017e, SaK Jesenice<\/li>\n<li>Mladinke: Velikanje Tina, SaK Idrija<\/li>\n<li>Mladinci: Tu\u0161ek Miha, SD Domel \u017delezniki<\/li>\n<li>\u010clanice: Pohleven Irena , \u0160D Dolenja vas<\/li>\n<li>\u010clani: Lavtar Miha, SD Domel \u017delezniki<\/li>\n<li>St. \u010dlanice: Tolar Tina, SD Domel \u017delezniki<\/li>\n<li>St. \u010dlani: Rakovec Vili, SD Domel \u017delezniki<\/li>\n<li>Veteranke: Peta\u010d Mojca, SaK Jesenice<\/li>\n<li>Veterani: Koler Stanko, SaK Idrija<\/li>\n<li>St. veterani: Fern Milan, RD Rokovnja\u010di<\/li>\n<li>Dvosedi: Rev Klemen \/ Klinar Simon, SaK Jesenice<\/li>\n<\/ul>\n","protected":false},"excerpt":{"rendered":"<p>\u0160estih tekmovanj v tej sezoni se je skupaj udele\u017eilo 123 posameznikov in&nbsp;7 dvosedov. Dve tekmi sta potekali v Dolenji vasi (\u0160D Dolenja vas in SD Domel \u017delezniki), dve v Savskih jamah (SaK Jesenice), po eno pa v Lomu pod Stor\u017ei\u010dem (\u0160D Lom)&nbsp;in na Ljubelju (\u0160D Podljubelj). Zmagovalci &nbsp;Pokala Slovenije po kategorijah: Cicibanke: Kavar Jerca, \u0160D &hellip; <a href=\"http:\/\/www.sankanje.com\/?page_id=335\" class=\"more-link\">Preberi ve\u010d o <span class=\"screen-reader-text\">PS 2017\/18 in DP 2018<\/span><\/a><\/p>\n","protected":false},"author":2,"featured_media":0,"parent":327,"menu_order":2,"comment_status":"closed","ping_status":"closed","template":"","meta":{"footnotes":""},"class_list":["post-335","page","type-page","status-publish","hentry"],"_links":{"self":[{"href":"http:\/\/www.sankanje.com\/index.php?rest_route=\/wp\/v2\/pages\/335","targetHints":{"allow":["GET"]}}],"collection":[{"href":"http:\/\/www.sankanje.com\/index.php?rest_route=\/wp\/v2\/pages"}],"about":[{"href":"http:\/\/www.sankanje.com\/index.php?rest_route=\/wp\/v2\/types\/page"}],"author":[{"embeddable":true,"href":"http:\/\/www.sankanje.com\/index.php?rest_route=\/wp\/v2\/users\/2"}],"replies":[{"embeddable":true,"href":"http:\/\/www.sankanje.com\/index.php?rest_route=%2Fwp%2Fv2%2Fcomments&post=335"}],"version-history":[{"count":8,"href":"http:\/\/www.sankanje.com\/index.php?rest_route=\/wp\/v2\/pages\/335\/revisions"}],"predecessor-version":[{"id":992,"href":"http:\/\/www.sankanje.com\/index.php?rest_route=\/wp\/v2\/pages\/335\/revisions\/992"}],"up":[{"embeddable":true,"href":"http:\/\/www.sankanje.com\/index.php?rest_route=\/wp\/v2\/pages\/327"}],"wp:attachment":[{"href":"http:\/\/www.sankanje.com\/index.php?rest_route=%2Fwp%2Fv2%2Fmedia&parent=335"}],"curies":[{"name":"wp","href":"https:\/\/api.w.org\/{rel}","templated":true}]}}