{"id":342,"date":"2018-05-23T21:53:04","date_gmt":"2018-05-23T19:53:04","guid":{"rendered":"http:\/\/www.sankanje.com\/?page_id=342"},"modified":"2020-03-03T08:29:06","modified_gmt":"2020-03-03T07:29:06","slug":"ps-201617-in-dp-2017","status":"publish","type":"page","link":"http:\/\/www.sankanje.com\/?page_id=342","title":{"rendered":"PS 2016\/17 in DP 2017"},"content":{"rendered":"<p>V tej sezoni je bilo izvedenih pet tekmovanj.<\/p>\n<hr>\n<p><strong>Zmagovalci Pokala Slovenije<\/strong> po kategorijah:<\/p>\n<ul>\n<li>\u0160olarke: Mekina Meta, SaK Jesenice<\/li>\n<li>\u0160olarji: Kralj Vid, \u0160D Podljubelj<\/li>\n<li>Deklice: \u0160ubic Nu\u0161a, SaK Idrija<\/li>\n<li>De\u010dki: Mekina Bla\u017e, SaK Jesenice<\/li>\n<li>Mladinke: Velikanje Tina, SaK Idrija<\/li>\n<li>Mladinci: Jereb Andra\u017e, SaK Idrija<\/li>\n<li>\u010clanice: Kralj Tanja, \u0160D Podljubelj<\/li>\n<li>\u010clani: Lavtar Miha, SD Domel \u017delezniki<\/li>\n<li>St. \u010dlanice: Tolar Tina, SD Domel \u017delezniki<\/li>\n<li>St. \u010dlani: Bahun Uro\u0161, \u0160D Lom<\/li>\n<li>Veteranke: Peta\u010d Mojca, &#8212;<\/li>\n<li>Veterani: Koler Stanko, SaK Idrija<\/li>\n<li>St. veteranke: Rev Barbara, SaK Jesenice<\/li>\n<li>St. veterani: Lavti\u017ear Vinko, SaK Jesenice<\/li>\n<li>Dvosedi: Rev Klemen \/ Mekina Bine, SaK Jesenice<\/li>\n<li>Samote\u017ene sani: \u0160D Dolenja vas (Egart Boris)<\/li>\n<\/ul>\n<hr>\n<p><strong>Dr\u017eavni prvaki za leto 2017:<\/strong><\/p>\n<ul>\n<li>Deklice: \u0160ubic Nu\u0161a, SaK Idrija<\/li>\n<li>Mladinci: Mekina Bine, SaK Jesenice<\/li>\n<li>\u010clani: Pohleven Jure, \u0160D Dolenja vas<\/li>\n<li>St. \u010dlanice: Lukan\u010di\u010d Bernarda, SD Domel \u017delezniki<\/li>\n<li>St. \u010dlani: Fejfar Borut, SD Domel \u017delezniki<\/li>\n<li>Veteranke: Peta\u010d Mojca, &#8212;<\/li>\n<li>Veterani: Koler Stanko, SaK Idrija<\/li>\n<li>St. veterani: Lavti\u017ear Vinko, SaK Jesenice<\/li>\n<li>Samote\u017ene sani: \u0160D Dolenja vas (Egart Boris)<\/li>\n<\/ul>\n<p>&nbsp;<\/p>\n","protected":false},"excerpt":{"rendered":"<p>V tej sezoni je bilo izvedenih pet tekmovanj. Zmagovalci Pokala Slovenije po kategorijah: \u0160olarke: Mekina Meta, SaK Jesenice \u0160olarji: Kralj Vid, \u0160D Podljubelj Deklice: \u0160ubic Nu\u0161a, SaK Idrija De\u010dki: Mekina Bla\u017e, SaK Jesenice Mladinke: Velikanje Tina, SaK Idrija Mladinci: Jereb Andra\u017e, SaK Idrija \u010clanice: Kralj Tanja, \u0160D Podljubelj \u010clani: Lavtar Miha, SD Domel \u017delezniki St. &hellip; <a href=\"http:\/\/www.sankanje.com\/?page_id=342\" class=\"more-link\">Preberi ve\u010d o <span class=\"screen-reader-text\">PS 2016\/17 in DP 2017<\/span><\/a><\/p>\n","protected":false},"author":2,"featured_media":0,"parent":327,"menu_order":3,"comment_status":"closed","ping_status":"closed","template":"","meta":{"footnotes":""},"class_list":["post-342","page","type-page","status-publish","hentry"],"_links":{"self":[{"href":"http:\/\/www.sankanje.com\/index.php?rest_route=\/wp\/v2\/pages\/342","targetHints":{"allow":["GET"]}}],"collection":[{"href":"http:\/\/www.sankanje.com\/index.php?rest_route=\/wp\/v2\/pages"}],"about":[{"href":"http:\/\/www.sankanje.com\/index.php?rest_route=\/wp\/v2\/types\/page"}],"author":[{"embeddable":true,"href":"http:\/\/www.sankanje.com\/index.php?rest_route=\/wp\/v2\/users\/2"}],"replies":[{"embeddable":true,"href":"http:\/\/www.sankanje.com\/index.php?rest_route=%2Fwp%2Fv2%2Fcomments&post=342"}],"version-history":[{"count":2,"href":"http:\/\/www.sankanje.com\/index.php?rest_route=\/wp\/v2\/pages\/342\/revisions"}],"predecessor-version":[{"id":991,"href":"http:\/\/www.sankanje.com\/index.php?rest_route=\/wp\/v2\/pages\/342\/revisions\/991"}],"up":[{"embeddable":true,"href":"http:\/\/www.sankanje.com\/index.php?rest_route=\/wp\/v2\/pages\/327"}],"wp:attachment":[{"href":"http:\/\/www.sankanje.com\/index.php?rest_route=%2Fwp%2Fv2%2Fmedia&parent=342"}],"curies":[{"name":"wp","href":"https:\/\/api.w.org\/{rel}","templated":true}]}}