{"id":369,"date":"2018-11-23T21:08:53","date_gmt":"2018-11-23T20:08:53","guid":{"rendered":"http:\/\/www.sankanje.com\/?page_id=369"},"modified":"2020-03-03T08:28:31","modified_gmt":"2020-03-03T07:28:31","slug":"ps-201415-in-dp-2015","status":"publish","type":"page","link":"http:\/\/www.sankanje.com\/?page_id=369","title":{"rendered":"PS 2014\/15 in DP 2015"},"content":{"rendered":"<p>Lepa sezona s kar \u0161estimi tekmami!<\/p>\n<hr>\n<p><strong>Zmagovalci &nbsp;Pokala Slovenije<\/strong> po kategorijah:<\/p>\n<ul>\n<li>Cicibani: Kralj \u017diga, \u0160D Podljubelj<\/li>\n<li>\u0160olarke: Mekina Meta, \u017dirovnica<\/li>\n<li>\u0160olarji: \u010cerne O\u017ebej, SaK Jesenice<\/li>\n<li>Deklice: Nemec Nadja, \u0160D Podljubelj<\/li>\n<li>De\u010dki:&nbsp;&nbsp;Mekina Bine, \u017dirovnica<\/li>\n<li>Mladinke: Vavh Doroteja, SD Domel \u017delezniki<\/li>\n<li>Mladinci: Tu\u0161ek Sebastjan, SD Domel \u017delezniki<\/li>\n<li>\u010clanice: Kralj Irena, \u0160D Podljubelj \/ Pohleven Irena, \u0160D Dolenja vas<\/li>\n<li>\u010clani: Lavtar Miha, Selca<\/li>\n<li>St. \u010dlanice: Tolar Tina, SD Domel \u017delezniki<\/li>\n<li>St. \u010dlani: Rakovec Vili, SD Domel \u017delezniki<\/li>\n<li>Veteranke: Rejc Vilma, Podljubelj<\/li>\n<li>Veterani: Koler Stanko, SaK Idrija<\/li>\n<li>St. veteranke: Rev Barbara, SaK Jesenice<\/li>\n<li>St. veterani: Likar Branko, SaK Idrija<\/li>\n<li>Samote\u017ene sani: SD Domel \u017delezniki (Poto\u010dnik Jure)<\/li>\n<\/ul>\n<hr>\n<p><strong>Dr\u017eavni prvaki<\/strong> na&nbsp;Dr\u017eavnem prvenstvu Slovenije,&nbsp;8. marca&nbsp;na Sori\u0161ki Planini:<\/p>\n<ul>\n<li>\u0160olarke: Mekina Meta, \u017dirovnica<\/li>\n<li>\u0160olarji: \u010cerne O\u017ebej, SaK Jesenice<\/li>\n<li>De\u010dki: Mekina Bine, \u017dirovnica<\/li>\n<li>Mladinci: Poto\u010dnik Ga\u0161per, SD Domel \u017delezniki<\/li>\n<li>\u010clani: Pohleven Jure, \u0160D Dolenja vas<\/li>\n<li>St. \u010dlanice: Lukan\u010di\u010d Bernarda, SD Domel \u017delezniki<\/li>\n<li>St. \u010dlani: Rakovec Vili, SD Domel \u017delezniki<\/li>\n<li>Veterani: Koler Stanko, SaK Idrija<\/li>\n<li>St. veteranke: Rev Barbara, SaK Jesenice<\/li>\n<li>St. veterani: Ka\u0161trun Simon, \u0160D Podljubelj<\/li>\n<li>Samote\u017ene sani: SD Domel \u017delezniki I.&nbsp;(Poto\u010dnik Jure)<\/li>\n<\/ul>\n","protected":false},"excerpt":{"rendered":"<p>Lepa sezona s kar \u0161estimi tekmami! Zmagovalci &nbsp;Pokala Slovenije po kategorijah: Cicibani: Kralj \u017diga, \u0160D Podljubelj \u0160olarke: Mekina Meta, \u017dirovnica \u0160olarji: \u010cerne O\u017ebej, SaK Jesenice Deklice: Nemec Nadja, \u0160D Podljubelj De\u010dki:&nbsp;&nbsp;Mekina Bine, \u017dirovnica Mladinke: Vavh Doroteja, SD Domel \u017delezniki Mladinci: Tu\u0161ek Sebastjan, SD Domel \u017delezniki \u010clanice: Kralj Irena, \u0160D Podljubelj \/ Pohleven Irena, \u0160D Dolenja &hellip; <a href=\"http:\/\/www.sankanje.com\/?page_id=369\" class=\"more-link\">Preberi ve\u010d o <span class=\"screen-reader-text\">PS 2014\/15 in DP 2015<\/span><\/a><\/p>\n","protected":false},"author":2,"featured_media":0,"parent":327,"menu_order":5,"comment_status":"closed","ping_status":"closed","template":"","meta":{"footnotes":""},"class_list":["post-369","page","type-page","status-publish","hentry"],"_links":{"self":[{"href":"http:\/\/www.sankanje.com\/index.php?rest_route=\/wp\/v2\/pages\/369","targetHints":{"allow":["GET"]}}],"collection":[{"href":"http:\/\/www.sankanje.com\/index.php?rest_route=\/wp\/v2\/pages"}],"about":[{"href":"http:\/\/www.sankanje.com\/index.php?rest_route=\/wp\/v2\/types\/page"}],"author":[{"embeddable":true,"href":"http:\/\/www.sankanje.com\/index.php?rest_route=\/wp\/v2\/users\/2"}],"replies":[{"embeddable":true,"href":"http:\/\/www.sankanje.com\/index.php?rest_route=%2Fwp%2Fv2%2Fcomments&post=369"}],"version-history":[{"count":5,"href":"http:\/\/www.sankanje.com\/index.php?rest_route=\/wp\/v2\/pages\/369\/revisions"}],"predecessor-version":[{"id":989,"href":"http:\/\/www.sankanje.com\/index.php?rest_route=\/wp\/v2\/pages\/369\/revisions\/989"}],"up":[{"embeddable":true,"href":"http:\/\/www.sankanje.com\/index.php?rest_route=\/wp\/v2\/pages\/327"}],"wp:attachment":[{"href":"http:\/\/www.sankanje.com\/index.php?rest_route=%2Fwp%2Fv2%2Fmedia&parent=369"}],"curies":[{"name":"wp","href":"https:\/\/api.w.org\/{rel}","templated":true}]}}