{"id":724,"date":"2019-03-19T22:56:04","date_gmt":"2019-03-19T21:56:04","guid":{"rendered":"http:\/\/www.sankanje.com\/?page_id=724"},"modified":"2020-03-03T08:27:48","modified_gmt":"2020-03-03T07:27:48","slug":"ps-2012-13-in-dp-2013","status":"publish","type":"page","link":"http:\/\/www.sankanje.com\/?page_id=724","title":{"rendered":"PS 2012\/13 in DP 2013"},"content":{"rendered":"\n<p>\u0160est tekem v tej sezoni.&nbsp; Po dve v organizaciji SD Domel \u017delezniki in SaK Jesenice, po ena pa s strani \u0160D Dolenja vas ter SaK Idrija. V sezoni je v pokalu nastopilo 91 posameznikov. <\/p>\n\n\n\n<p>Po zadnji tekmi je bilo nekaj zapletov v zvezi s podelitvijo pokalov. V prej\u0161njih letih se je pokale v primeru to\u010dkovne izena\u010denosti podeljevalo po nepisanem pravilu bolj\u0161e uvrstitve na zadnji tekmi. Ker sta bila v kategoriji mladincev s popolnoma enakimi uvrstitvami izena\u010dena Sebastjan Tu\u0161ek in Jereb Andra\u017e, se je na \u017eeljo vodje strokovnega sveta, pokale podelilo obema. V mlaj\u0161ih kategorijah je kljub izena\u010denosti pokal dobila le po ena tekmovalka. <\/p>\n\n\n\n<p>Po sezoni se je v pravilnik dodalo pravila v zvezi z minimalno udele\u017ebo in delitvijo to\u010dk.<\/p>\n\n\n\n<p><strong>Zmagovalci &nbsp;Pokala Slovenije<\/strong> po kategorijah: <\/p>\n\n\n\n<ul class=\"wp-block-list\"><li>Cicibanke: Logar Tea, SaK Idrija <\/li><li>Cicibani: Kralj Vid, \u0160D Podljubelj <\/li><li>\u0160olarke: Brki\u010d Tamara, SaK Jesenice; Gregora\u010d Stepan\u010di\u010d Minka, SaK Idrija  <\/li><li>\u0160olarji: \u010cerne O\u017ebej, SaK Jesenice <\/li><li>Deklice: Velikanje \u0160pela, SaK Idrija; Nemec Nadja, \u0160D Podljubelj; \u010cibej Barbara, SaK Idrija <\/li><li>De\u010dki:&nbsp; Rakovec Matic, \u0160D Dolenja vas <\/li><li>Mladinke: Velikanje Tina, SaK Idrija <\/li><li>Mladinci: Jereb Andra\u017e. SaK Idrija, Tu\u0161ek Sebastjan, SD Domel \u017delezniki <\/li><li>\u010clanice: Lukan\u010di\u010d Bernarda, SD Domel \u017delezniki <\/li><li>\u010clani: Pfajfar Jure, \u0160D Dolenja vas  <\/li><li>St. \u010dlanice: Tolar Tina, SD Domel \u017delezniki <\/li><li>St. \u010dlani: Bahun Uro\u0161, \u0160D Podljubelj <\/li><li>Veterani: Koler Stanko, SaK Idrija &nbsp;<\/li><li>St. veterani: Ka\u0161trun Simon, \u0160D Podljubelj <\/li><\/ul>\n\n\n\n<p><strong>Dr\u017eavni prvaki za leto 2013:<\/strong> <\/p>\n\n\n\n<ul class=\"wp-block-list\"><li>De\u010dki:&nbsp; Rakovec Matic, \u0160D Dolenja vas <\/li><li>Mladinci:&nbsp;Tu\u0161ek Sebastjan, SD Domel \u017delezniki <\/li><li>\u010clanice: Lukan\u010di\u010d Bernarda, SD Domel \u017delezniki <\/li><li>\u010clani: Rev Klemen, SaK Jesenice  <\/li><li>St. \u010dlanice: Tolar Tina, SD Domel \u017delezniki <\/li><li>St. \u010dlani: Bahun Uro\u0161, \u0160D Podljubelj <\/li><li>Veterani: Perko Albert, \u0160D Podljubelj  <\/li><li>St. veterani: Ka\u0161trun Simon, \u0160D Podljubelj <\/li><\/ul>\n","protected":false},"excerpt":{"rendered":"<p>\u0160est tekem v tej sezoni.&nbsp; Po dve v organizaciji SD Domel \u017delezniki in SaK Jesenice, po ena pa s strani \u0160D Dolenja vas ter SaK Idrija. V sezoni je v pokalu nastopilo 91 posameznikov. Po zadnji tekmi je bilo nekaj zapletov v zvezi s podelitvijo pokalov. V prej\u0161njih letih se je pokale v primeru to\u010dkovne &hellip; <a href=\"http:\/\/www.sankanje.com\/?page_id=724\" class=\"more-link\">Preberi ve\u010d o <span class=\"screen-reader-text\">PS 2012\/13 in DP 2013<\/span><\/a><\/p>\n","protected":false},"author":2,"featured_media":0,"parent":327,"menu_order":7,"comment_status":"closed","ping_status":"closed","template":"","meta":{"footnotes":""},"class_list":["post-724","page","type-page","status-publish","hentry"],"_links":{"self":[{"href":"http:\/\/www.sankanje.com\/index.php?rest_route=\/wp\/v2\/pages\/724","targetHints":{"allow":["GET"]}}],"collection":[{"href":"http:\/\/www.sankanje.com\/index.php?rest_route=\/wp\/v2\/pages"}],"about":[{"href":"http:\/\/www.sankanje.com\/index.php?rest_route=\/wp\/v2\/types\/page"}],"author":[{"embeddable":true,"href":"http:\/\/www.sankanje.com\/index.php?rest_route=\/wp\/v2\/users\/2"}],"replies":[{"embeddable":true,"href":"http:\/\/www.sankanje.com\/index.php?rest_route=%2Fwp%2Fv2%2Fcomments&post=724"}],"version-history":[{"count":13,"href":"http:\/\/www.sankanje.com\/index.php?rest_route=\/wp\/v2\/pages\/724\/revisions"}],"predecessor-version":[{"id":755,"href":"http:\/\/www.sankanje.com\/index.php?rest_route=\/wp\/v2\/pages\/724\/revisions\/755"}],"up":[{"embeddable":true,"href":"http:\/\/www.sankanje.com\/index.php?rest_route=\/wp\/v2\/pages\/327"}],"wp:attachment":[{"href":"http:\/\/www.sankanje.com\/index.php?rest_route=%2Fwp%2Fv2%2Fmedia&parent=724"}],"curies":[{"name":"wp","href":"https:\/\/api.w.org\/{rel}","templated":true}]}}