{"id":785,"date":"2019-03-27T21:37:47","date_gmt":"2019-03-27T20:37:47","guid":{"rendered":"http:\/\/www.sankanje.com\/?page_id=785"},"modified":"2020-03-03T08:27:28","modified_gmt":"2020-03-03T07:27:28","slug":"ps-2011-12-in-dp-2012","status":"publish","type":"page","link":"http:\/\/www.sankanje.com\/?page_id=785","title":{"rendered":"PS 2011\/12 in DP 2012"},"content":{"rendered":"\n<p>Sezona s samo tremi tekmami. Vse je gostila Sori\u0161ka planina, saj zima ostalim prizori\u0161\u010dem ni bila naklonjena . V pokalu nastopilo 40 posameznikov in \u0161tiri ekipe s samote\u017enimi sanmi. <\/p>\n\n\n\n<p><strong>Zmagovalci &nbsp;Pokala Slovenije<\/strong> po kategorijah: <\/p>\n\n\n\n<ul class=\"wp-block-list\"><li>Cicibani: \u010cerne O\u017ebej, SaK Jesenice<\/li><li>Deklice: Ivan\u010di\u010d Sara, SK Ple\u0161ivica 1907<\/li><li>De\u010dki:&nbsp; Rakovec Matic, \u0160D Dolenja vas <\/li><li>Mladinke: Velikanje Tina, SaK Idrija <\/li><li>Mladinci: Jereb Andra\u017e, SaK Idrija<\/li><li>\u010clanice: Pohleven Irena, \u0160D Dolenja vas<\/li><li>\u010clani: Pohleven Jure, \u0160D Dolenja vas  <\/li><li>St. \u010dlanice: Tolar Tina, SD Domel \u017delezniki <\/li><li>St. \u010dlani: Rakovec Vili, SD Domel \u017delezniki <\/li><li>Veterani: Perko Albert, \u0160D Podljubelj<\/li><li>St. veteranke: Rev Barbara, SaK Jesenice&nbsp; <\/li><li>St. veterani: Ka\u0161trun Simon, \u0160D Podljubelj <\/li><li>Samote\u017ene sani: SD Domel \u017delezniki I. (Poto\u010dnik Jure)<\/li><\/ul>\n\n\n\n<p><strong>Dr\u017eavni prvaki <\/strong>za leto 2012, Sori\u0161ka planina, 10. marec: <\/p>\n\n\n\n<ul class=\"wp-block-list\"><li>Cicibani: \u010cerne O\u017ebej, SaK Jesenice<\/li><li>De\u010dki:&nbsp; Rakovec Matic, \u0160D Dolenja vas<\/li><li>Mladinke: Velikanje Tina, SaK Idrija  <\/li><li>Mladinci: Megli\u010d Klemen, \u0160D Podljubelj  <\/li><li>\u010clanice: Pohleven Irena, \u0160D Dolenja vas  <\/li><li>\u010clani: Pohleven Jure, \u0160D Dolenja vas  <\/li><li>St. \u010dlanice: Tolar Tina, SD Domel \u017delezniki <\/li><li>St. \u010dlani: Rakovec Vili, SD Domel \u017delezniki <\/li><li>Veterani: Koler Stanko, SaK Idrija<\/li><li>St. veteranke: Rev Barbara, SaK Jesenice<\/li><li>St. veterani: Megli\u010d Jo\u017ee, \u0160D Podljubelj<\/li><li>Samote\u017ene sani: SD Domel \u017delezniki I. (Poto\u010dnik Jure) <\/li><\/ul>\n","protected":false},"excerpt":{"rendered":"<p>Sezona s samo tremi tekmami. Vse je gostila Sori\u0161ka planina, saj zima ostalim prizori\u0161\u010dem ni bila naklonjena . V pokalu nastopilo 40 posameznikov in \u0161tiri ekipe s samote\u017enimi sanmi. Zmagovalci &nbsp;Pokala Slovenije po kategorijah: Cicibani: \u010cerne O\u017ebej, SaK Jesenice Deklice: Ivan\u010di\u010d Sara, SK Ple\u0161ivica 1907 De\u010dki:&nbsp; Rakovec Matic, \u0160D Dolenja vas Mladinke: Velikanje Tina, SaK &hellip; <a href=\"http:\/\/www.sankanje.com\/?page_id=785\" class=\"more-link\">Preberi ve\u010d o <span class=\"screen-reader-text\">PS 2011\/12 in DP 2012<\/span><\/a><\/p>\n","protected":false},"author":2,"featured_media":0,"parent":327,"menu_order":8,"comment_status":"closed","ping_status":"closed","template":"","meta":{"footnotes":""},"class_list":["post-785","page","type-page","status-publish","hentry"],"_links":{"self":[{"href":"http:\/\/www.sankanje.com\/index.php?rest_route=\/wp\/v2\/pages\/785","targetHints":{"allow":["GET"]}}],"collection":[{"href":"http:\/\/www.sankanje.com\/index.php?rest_route=\/wp\/v2\/pages"}],"about":[{"href":"http:\/\/www.sankanje.com\/index.php?rest_route=\/wp\/v2\/types\/page"}],"author":[{"embeddable":true,"href":"http:\/\/www.sankanje.com\/index.php?rest_route=\/wp\/v2\/users\/2"}],"replies":[{"embeddable":true,"href":"http:\/\/www.sankanje.com\/index.php?rest_route=%2Fwp%2Fv2%2Fcomments&post=785"}],"version-history":[{"count":4,"href":"http:\/\/www.sankanje.com\/index.php?rest_route=\/wp\/v2\/pages\/785\/revisions"}],"predecessor-version":[{"id":987,"href":"http:\/\/www.sankanje.com\/index.php?rest_route=\/wp\/v2\/pages\/785\/revisions\/987"}],"up":[{"embeddable":true,"href":"http:\/\/www.sankanje.com\/index.php?rest_route=\/wp\/v2\/pages\/327"}],"wp:attachment":[{"href":"http:\/\/www.sankanje.com\/index.php?rest_route=%2Fwp%2Fv2%2Fmedia&parent=785"}],"curies":[{"name":"wp","href":"https:\/\/api.w.org\/{rel}","templated":true}]}}