{"id":849,"date":"2019-04-10T23:25:02","date_gmt":"2019-04-10T21:25:02","guid":{"rendered":"http:\/\/www.sankanje.com\/?page_id=849"},"modified":"2020-03-03T08:27:13","modified_gmt":"2020-03-03T07:27:13","slug":"ps-2011-12-in-dp-2012-2","status":"publish","type":"page","link":"http:\/\/www.sankanje.com\/?page_id=849","title":{"rendered":"PS 2010\/11 in DP 2011"},"content":{"rendered":"\n<p>Sezona s&nbsp;tremi tekmami na Sori\u0161ki planini ter dvema v Savskih jamah. Nastopilo je skupaj 55 posameznikov in \u0161tiri ekipe s samote\u017enimi sanmi. <\/p>\n\n\n\n<p><strong>Zmagovalci &nbsp;Pokala Slovenije<\/strong> po kategorijah: <\/p>\n\n\n\n<ul class=\"wp-block-list\"><li>Cicibanke: Rakovec \u017diva, \u0160D Dolenja vas<\/li><li>Cicibani: \u010cerne O\u017ebej, SaK Jesenice<\/li><li>Deklice: Popovi\u010d Petra, SaK Jesenice <\/li><li>De\u010dki:&nbsp; Rakovec Matic, \u0160D Dolenja vas <\/li><li>Mladinke: Velikanje Tina, SaK Idrija <\/li><li>Mladinci: Megli\u010d Klemen, \u0160D Podljubelj<\/li><li>\u010clanice: Lukan\u010di\u010d Bernarda, SD Domel \u017delezniki <\/li><li>\u010clani: Rev Klemen, SaK Jesenice  <\/li><li>St. \u010dlanice: Tolar Tina, SD Domel \u017delezniki <\/li><li>St. \u010dlani: Rakovec Vili, SD Domel \u017delezniki <\/li><li>Veteranke: Rev Barbara, SaK Jesenice   <\/li><li>Veterani: Koler Stanko, SaK Idrija <\/li><li>Samote\u017ene sani: SD Domel \u017delezniki I. (Poto\u010dnik Jure)<\/li><\/ul>\n\n\n\n<p><strong>Dr\u017eavni prvaki <\/strong>za leto 2011: <\/p>\n\n\n\n<ul class=\"wp-block-list\"><li>Cicibani: \u010cerne O\u017ebej, SaK Jesenice<\/li><li>Deklice: Klinar Mojca, SaK Jesenice<\/li><li>Mladinke: Velikanje Tina, SaK Idrija  <\/li><li>Mladinci: Megli\u010d Klemen, \u0160D Podljubelj  <\/li><li>\u010clanice: Lukan\u010di\u010d Bernarda, SD Domel \u017delezniki   <\/li><li>\u010clani: Pohleven Jure, \u0160D Dolenja vas  <\/li><li>St. \u010dlanice: Tolar Tina, SD Domel \u017delezniki <\/li><li>St. \u010dlani: Rakovec Vili, SD Domel \u017delezniki <\/li><li>Veteranke: Rev Barbara, SaK Jesenice<\/li><li>Veterani: Koler Stanko, SaK Idrija<\/li><li>Samote\u017ene sani: \u0160D Dolenja vas (Egart Boris) <\/li><\/ul>\n","protected":false},"excerpt":{"rendered":"<p>Sezona s&nbsp;tremi tekmami na Sori\u0161ki planini ter dvema v Savskih jamah. Nastopilo je skupaj 55 posameznikov in \u0161tiri ekipe s samote\u017enimi sanmi. Zmagovalci &nbsp;Pokala Slovenije po kategorijah: Cicibanke: Rakovec \u017diva, \u0160D Dolenja vas Cicibani: \u010cerne O\u017ebej, SaK Jesenice Deklice: Popovi\u010d Petra, SaK Jesenice De\u010dki:&nbsp; Rakovec Matic, \u0160D Dolenja vas Mladinke: Velikanje Tina, SaK Idrija Mladinci: &hellip; <a href=\"http:\/\/www.sankanje.com\/?page_id=849\" class=\"more-link\">Preberi ve\u010d o <span class=\"screen-reader-text\">PS 2010\/11 in DP 2011<\/span><\/a><\/p>\n","protected":false},"author":2,"featured_media":0,"parent":327,"menu_order":9,"comment_status":"closed","ping_status":"closed","template":"","meta":{"footnotes":""},"class_list":["post-849","page","type-page","status-publish","hentry"],"_links":{"self":[{"href":"http:\/\/www.sankanje.com\/index.php?rest_route=\/wp\/v2\/pages\/849","targetHints":{"allow":["GET"]}}],"collection":[{"href":"http:\/\/www.sankanje.com\/index.php?rest_route=\/wp\/v2\/pages"}],"about":[{"href":"http:\/\/www.sankanje.com\/index.php?rest_route=\/wp\/v2\/types\/page"}],"author":[{"embeddable":true,"href":"http:\/\/www.sankanje.com\/index.php?rest_route=\/wp\/v2\/users\/2"}],"replies":[{"embeddable":true,"href":"http:\/\/www.sankanje.com\/index.php?rest_route=%2Fwp%2Fv2%2Fcomments&post=849"}],"version-history":[{"count":4,"href":"http:\/\/www.sankanje.com\/index.php?rest_route=\/wp\/v2\/pages\/849\/revisions"}],"predecessor-version":[{"id":863,"href":"http:\/\/www.sankanje.com\/index.php?rest_route=\/wp\/v2\/pages\/849\/revisions\/863"}],"up":[{"embeddable":true,"href":"http:\/\/www.sankanje.com\/index.php?rest_route=\/wp\/v2\/pages\/327"}],"wp:attachment":[{"href":"http:\/\/www.sankanje.com\/index.php?rest_route=%2Fwp%2Fv2%2Fmedia&parent=849"}],"curies":[{"name":"wp","href":"https:\/\/api.w.org\/{rel}","templated":true}]}}