{"id":954,"date":"2009-04-02T21:52:00","date_gmt":"2009-04-02T19:52:00","guid":{"rendered":"http:\/\/www.sankanje.com\/?page_id=954"},"modified":"2020-03-03T09:01:57","modified_gmt":"2020-03-03T08:01:57","slug":"ps-2008-09-in-dp-2009","status":"publish","type":"page","link":"http:\/\/www.sankanje.com\/?page_id=954","title":{"rendered":"PS 2008\/09 in DP 2009"},"content":{"rendered":"\n<p>Sedem tekem (83 posameznikov in 5 samote\u017enih ekip) na prizori\u0161\u010dih: Sori\u0161ka planina, Idrija, Dolenja vas, Savske jame in Podljubelj.<\/p>\n\n\n\n<p><strong>Zmagovalci  Pokala Slovenije<\/strong> po kategorijah: <\/p>\n\n\n\n<ul class=\"wp-block-list\"><li>Deklice: Velikanje Tina, SaK Idrija<\/li><li>De\u010dki: \u010cerne Gregor<\/li><li>Mladinke: Vauh Doroteja, SD Domel \u017delezniki<\/li><li>Mladinci: Pohleven Jure, \u0160D Dolenja vas<\/li><li>\u010clanice: \u017dnidar\u0161i\u010d Alenka, SaK Idrija<\/li><li>\u010clani: Gregora\u010d Nejc, SaK Idirija<\/li><li>St. \u010dlanice: Tolar Tina, SD Domel \u017delezniki<\/li><li>St. \u010dlani: Pohleven Franc, \u0160D Dolenja vas<\/li><li>Veteranke: Gnezda Sonja, SaK Idrija<\/li><li>Veterani: Koler Stanko, SaK Idrija<\/li><li>Samote\u017ene sani: \u0160D Dolenja vas I. (Egart Boris)<\/li><\/ul>\n\n\n\n<p><strong>Dr\u017eavni prvaki <\/strong>za leto 2009, Idrija 14. februar:<\/p>\n\n\n\n<ul class=\"wp-block-list\"><li>Deklice: Velikanje Tina, SaK Idrija<\/li><li>De\u010dki: Jereb Andra\u017e, SaK Idrija<\/li><li>Mladinke: Vauh Doroteja, SD Domel \u017delezniki<\/li><li>Mladinci: Pohleven Jure, \u0160D Dolenja vas<\/li><li>\u010clanice: Pust Barbara, SaK Idrija<\/li><li>\u010clani: Gregora\u010d Nejc, SaK Idrija<\/li><li>St. \u010dlanice: Tolar Tina, SD Domel \u017delezniki<\/li><li>St. \u010dlani: Rakovec Vili, SD Domel \u017delezniki<\/li><li>Veteranke: Gnezda Sonja, SaK Idrija<\/li><li>Veterani: Koler Stanko, SaK Idrija<\/li><\/ul>\n","protected":false},"excerpt":{"rendered":"<p>Sedem tekem (83 posameznikov in 5 samote\u017enih ekip) na prizori\u0161\u010dih: Sori\u0161ka planina, Idrija, Dolenja vas, Savske jame in Podljubelj. Zmagovalci Pokala Slovenije po kategorijah: Deklice: Velikanje Tina, SaK Idrija De\u010dki: \u010cerne Gregor Mladinke: Vauh Doroteja, SD Domel \u017delezniki Mladinci: Pohleven Jure, \u0160D Dolenja vas \u010clanice: \u017dnidar\u0161i\u010d Alenka, SaK Idrija \u010clani: Gregora\u010d Nejc, SaK Idirija St. &hellip; <a href=\"http:\/\/www.sankanje.com\/?page_id=954\" class=\"more-link\">Preberi ve\u010d o <span class=\"screen-reader-text\">PS 2008\/09 in DP 2009<\/span><\/a><\/p>\n","protected":false},"author":2,"featured_media":0,"parent":327,"menu_order":11,"comment_status":"closed","ping_status":"closed","template":"","meta":{"footnotes":""},"class_list":["post-954","page","type-page","status-publish","hentry"],"_links":{"self":[{"href":"http:\/\/www.sankanje.com\/index.php?rest_route=\/wp\/v2\/pages\/954","targetHints":{"allow":["GET"]}}],"collection":[{"href":"http:\/\/www.sankanje.com\/index.php?rest_route=\/wp\/v2\/pages"}],"about":[{"href":"http:\/\/www.sankanje.com\/index.php?rest_route=\/wp\/v2\/types\/page"}],"author":[{"embeddable":true,"href":"http:\/\/www.sankanje.com\/index.php?rest_route=\/wp\/v2\/users\/2"}],"replies":[{"embeddable":true,"href":"http:\/\/www.sankanje.com\/index.php?rest_route=%2Fwp%2Fv2%2Fcomments&post=954"}],"version-history":[{"count":16,"href":"http:\/\/www.sankanje.com\/index.php?rest_route=\/wp\/v2\/pages\/954\/revisions"}],"predecessor-version":[{"id":976,"href":"http:\/\/www.sankanje.com\/index.php?rest_route=\/wp\/v2\/pages\/954\/revisions\/976"}],"up":[{"embeddable":true,"href":"http:\/\/www.sankanje.com\/index.php?rest_route=\/wp\/v2\/pages\/327"}],"wp:attachment":[{"href":"http:\/\/www.sankanje.com\/index.php?rest_route=%2Fwp%2Fv2%2Fmedia&parent=954"}],"curies":[{"name":"wp","href":"https:\/\/api.w.org\/{rel}","templated":true}]}}