{"id":980,"date":"2020-03-01T10:22:00","date_gmt":"2020-03-01T09:22:00","guid":{"rendered":"http:\/\/www.sankanje.com\/?page_id=980"},"modified":"2022-02-02T16:55:47","modified_gmt":"2022-02-02T15:55:47","slug":"ps-2019-20","status":"publish","type":"page","link":"http:\/\/www.sankanje.com\/?page_id=980","title":{"rendered":"PS 2019\/20"},"content":{"rendered":"\n<p>Najkraj\u0161a sezona PS do sedaj, s samo dvema izpeljanima tekmovanjima. Zaradi mile&nbsp;zime, je bila prva tekma organizirana \u0161ele 29.2., in sicer Bin\u010dev memorial v&nbsp;izvedbi \u0160D Podljubelj. Teden dni kasneje je sledil Pokal mesta Jesenice v Savskih jamah. Dr\u017eavno prvenstvo ni bilo izpeljano. Sezono je prekinila pandemija. SazS je sprejela odlo\u010ditev, da zaradi&nbsp;specifi\u010dne situacije&nbsp;zmagovalcem kategorij izjemoma podeli le medalje. Glede na pravilnik se je bilo potrebno v tej sezoni za osvojitev priznanja, udele\u017eiti obeh tekem. Sodelovalo je skupaj sedeminpetdeset posameznikov.<\/p>\n\n\n\n<hr class=\"wp-block-separator\"\/>\n\n\n\n<p><strong>Zmagovalci  Pokala Slovenije<\/strong> po kategorijah:<\/p>\n\n\n\n<ul class=\"wp-block-list\"><li>Cicibanke: Mohori\u010d Taja, \u0160D Podljubelj<\/li><li>Cicibani: Vizjak Jernej, \u0160D Podljubelj (brez priznanja)<\/li><li>\u0160olarke: Dov\u017ean Ana, \u0160D Podljubelj (brez priznanja)<\/li><li>\u0160olarji: Mohori\u010d Tilen, \u0160D Podljubelj<\/li><li>Deklice: \u0160ubic Nu\u0161a, SaK Idrija<\/li><li>De\u010dki: Kralj \u017diga, \u0160D Podljubelj<\/li><li>Mladinke: Urbanc Patricija, SK Prepnek Delnice (brez priznanja)<\/li><li>Mladinci: Vertelj Matev\u017e, \u0160D Podljubelj,<\/li><li>\u010clanice: Kralj Tanja, \u0160D Podljubelj<\/li><li>\u010clani: Jereb Andra\u017e, SaK Idrija<\/li><li>St. \u010clanice: Rant Lucija, \u0160D Podljubelj in Klinar Irma, SaK Jesenice (obe brez priznanja)<\/li><li>St. \u010clani: Velikanje David, SaK Idrija<\/li><li>Veteranke: Peta\u010d Mojca, SaK Jesenice<\/li><li>Veterani: Torkar Vladislav, \u0160D Lom<\/li><li>St. Veterani: Likar Branko, SaK Idrija<\/li><\/ul>\n\n\n\n<hr class=\"wp-block-separator\"\/>\n\n\n\n<div class=\"wp-block-file\"><a href=\"http:\/\/www.sankanje.com\/wp-content\/uploads\/2020\/03\/Pokal-Slovenije-2020.pdf\">SKUPNI SE\u0160TEVEK POKALA SLOVENIJE<\/a><\/div>\n\n\n\n<hr class=\"wp-block-separator\"\/>\n\n\n\n<p><strong>Druga tekma PS: Pokal mesta Jesenice<\/strong> <\/p>\n\n\n\n<div class=\"wp-block-file\"><a href=\"http:\/\/www.sankanje.com\/wp-content\/uploads\/2020\/03\/PMJ_kategorije.pdf\">REZULTATI posami\u010dno<\/a><\/div>\n\n\n\n<div class=\"wp-block-file\"><a href=\"http:\/\/www.sankanje.com\/wp-content\/uploads\/2020\/03\/PMJ_ekipe.pdf\">REZULTATI ekipno<\/a><\/div>\n\n\n<p><strong>Poro\u010dilo<\/strong><br>Na tekmi za 59. Pokal mesta Jesenice je tekmovalo triintrideset posameznikov iz sedmih slovenskih in treh hrva\u0161kih klubov. Tekmovanje je potekalo gladko, organizatorji imajo dobro zasko \ud83d\ude00 . Ekipni pokal je tokrat osvojila Idrija pred Podljubeljem in Jesenicami.<\/p>\n\n\n<hr class=\"wp-block-separator\"\/>\n\n\n\n<p><strong>Prva tekma PS: Bin\u010dev memorial<\/strong><\/p>\n\n\n\n<div class=\"wp-block-file\"><a href=\"http:\/\/www.sankanje.com\/wp-content\/uploads\/2020\/03\/Skupno-_BINCEV.pdf\">REZULTATI<\/a><\/div>\n\n\n<p>FOTO s <a href=\"https:\/\/www.facebook.com\/groups\/610090782385401\/permalink\/2940091902718599\/\" target=\"_blank\" rel=\"noopener noreferrer\">Facebooka<\/a><\/p>\n<p><strong>Poro\u010dilo<\/strong><br>V son\u010dnem a vetrovnem vremenu se je, na prvi tekmi leto\u0161nje sezone \u0161portnega sankanja, pomerilo sedemintrideset sanka\u010dic in sanka\u010dev iz petih slovenskih klubov. Gostitelji iz \u0160D Podljubelj so, glede na razmere, zgledno pripravili progo in izpeljali lepo tekmovanje. \u010cestitke organizatorjem in udele\u017eencem!<\/p>\n\n\n<hr class=\"wp-block-separator\"\/>\n","protected":false},"excerpt":{"rendered":"<p>Najkraj\u0161a sezona PS do sedaj, s samo dvema izpeljanima tekmovanjima. Zaradi mile&nbsp;zime, je bila prva tekma organizirana \u0161ele 29.2., in sicer Bin\u010dev memorial v&nbsp;izvedbi \u0160D Podljubelj. Teden dni kasneje je sledil Pokal mesta Jesenice v Savskih jamah. Dr\u017eavno prvenstvo ni bilo izpeljano. Sezono je prekinila pandemija. SazS je sprejela odlo\u010ditev, da zaradi&nbsp;specifi\u010dne situacije&nbsp;zmagovalcem kategorij izjemoma &hellip; <a href=\"http:\/\/www.sankanje.com\/?page_id=980\" class=\"more-link\">Preberi ve\u010d o <span class=\"screen-reader-text\">PS 2019\/20<\/span><\/a><\/p>\n","protected":false},"author":2,"featured_media":1024,"parent":327,"menu_order":0,"comment_status":"closed","ping_status":"closed","template":"","meta":{"footnotes":""},"class_list":["post-980","page","type-page","status-publish","has-post-thumbnail","hentry"],"_links":{"self":[{"href":"http:\/\/www.sankanje.com\/index.php?rest_route=\/wp\/v2\/pages\/980","targetHints":{"allow":["GET"]}}],"collection":[{"href":"http:\/\/www.sankanje.com\/index.php?rest_route=\/wp\/v2\/pages"}],"about":[{"href":"http:\/\/www.sankanje.com\/index.php?rest_route=\/wp\/v2\/types\/page"}],"author":[{"embeddable":true,"href":"http:\/\/www.sankanje.com\/index.php?rest_route=\/wp\/v2\/users\/2"}],"replies":[{"embeddable":true,"href":"http:\/\/www.sankanje.com\/index.php?rest_route=%2Fwp%2Fv2%2Fcomments&post=980"}],"version-history":[{"count":34,"href":"http:\/\/www.sankanje.com\/index.php?rest_route=\/wp\/v2\/pages\/980\/revisions"}],"predecessor-version":[{"id":1321,"href":"http:\/\/www.sankanje.com\/index.php?rest_route=\/wp\/v2\/pages\/980\/revisions\/1321"}],"up":[{"embeddable":true,"href":"http:\/\/www.sankanje.com\/index.php?rest_route=\/wp\/v2\/pages\/327"}],"wp:featuredmedia":[{"embeddable":true,"href":"http:\/\/www.sankanje.com\/index.php?rest_route=\/wp\/v2\/media\/1024"}],"wp:attachment":[{"href":"http:\/\/www.sankanje.com\/index.php?rest_route=%2Fwp%2Fv2%2Fmedia&parent=980"}],"curies":[{"name":"wp","href":"https:\/\/api.w.org\/{rel}","templated":true}]}}